{"id":43,"date":"2012-12-27T15:32:19","date_gmt":"2012-12-27T14:32:19","guid":{"rendered":"http:\/\/olivier-francomme.fr\/?page_id=43"},"modified":"2023-09-21T14:17:32","modified_gmt":"2023-09-21T12:17:32","slug":"personnel","status":"publish","type":"page","link":"https:\/\/olivier-francomme.fr\/?page_id=43","title":{"rendered":"Personnel"},"content":{"rendered":"\n<p>Pr\u00e9sentation personnelle 2023<\/p>\n\n\n\n<p><strong>Olivier Francomme<\/strong><\/p>\n\n\n\n<figure class=\"wp-block-image size-full is-resized\"><a href=\"http:\/\/olivier-francomme.fr\/wp-content\/uploads\/2022\/11\/ol-copie.jpg\"><img decoding=\"async\" loading=\"lazy\" src=\"http:\/\/olivier-francomme.fr\/wp-content\/uploads\/2022\/11\/ol-copie.jpg\" alt=\"\" class=\"wp-image-215\" width=\"145\" height=\"199\"\/><\/a><\/figure>\n\n\n\n<p><\/p>\n\n\n\n<p>10 le Plouy Louvet &nbsp;&nbsp;&nbsp; &nbsp;&nbsp;&nbsp;&nbsp;&nbsp;&nbsp;&nbsp;&nbsp;&nbsp;&nbsp;&nbsp; t\u00e9l cel 00 33 6 14 53 25 59<strong>&nbsp;&nbsp;&nbsp;<\/strong><\/p>\n\n\n\n<p>60112 Herchies, France&nbsp;&nbsp;&nbsp;&nbsp;&nbsp;&nbsp;&nbsp;&nbsp; t\u00e9l fixe 00 33 3 44 81 01 91<\/p>\n\n\n\n<p>n\u00e9 le 3 avril 1957, nationalit\u00e9 fran\u00e7aise.<\/p>\n\n\n\n<p>courriel personnel <a href=\"mailto:olivier.francomme@sfr.fr\">olivier.francomme@sfr.fr<\/a><\/p>\n\n\n\n<p>courriel professionnel <a href=\"mailto:olivier.francomme@u-picardie.fr\">olivier.francomme@u-picardie.fr<\/a><\/p>\n\n\n\n<p>Pr\u00e9sentation scientifique&nbsp;: https:\/\/experice.univ-paris13.fr\/profil\/olivier.francomme\/<\/p>\n\n\n\n<p>Docteur Habilit\u00e9 \u00e0 Diriger des Recherches en Sciences de l\u2019\u00e9ducation<\/p>\n\n\n\n<p>Enseignant \u00e0 l\u2019Universit\u00e9 de Picardie Jules Verne d\u2019Amiens (France)<\/p>\n\n\n\n<p>Directeur de recherches au China Cooperative Research Center for Moderne School, Jiaxing, University of Zehjiang, China.<\/p>\n\n\n\n<p>Chercheur associ\u00e9 au laboratoire EXPERICE (EA 3971) de l\u2019Universit\u00e9 de Paris 8.<\/p>\n\n\n\n<p>UFR Sciences de l\u2019Education, Psychanalyse et Com\/Fran\u00e7ais Langue Etrang\u00e8re (SEPF)<\/p>\n\n\n\n<p><strong>ED 401&nbsp;: Sciences&nbsp;Sociales<\/strong><\/p>\n\n\n\n<p>2 rue de la Libert\u00e9<br>93526 SAINT-DENIS, France<\/p>\n\n\n\n<p>T\u00e9l&nbsp;: 01 49 40 64 36<\/p>\n\n\n\n<p>Site&nbsp;: <a href=\"http:\/\/www.univ-paris13.fr\/experice\/\">www.univ-paris13.fr\/experice<\/a><\/p>\n\n\n\n<p><strong>Recherches actuelles&nbsp;:<\/strong><\/p>\n\n\n\n<p>-\u00ab&nbsp;Accompagnement scientifique d\u2019innovations p\u00e9dagogiques en \u00e9cole et en lyc\u00e9e&nbsp;\u00bb en France et \u00e0 l\u2019\u00e9tranger (Gr\u00e8ce, Chine), recherche-action triennale (2015-2021). AFIRSE section fran\u00e7aise (Association Francophone Internationale de Recherche en Sciences de l\u2019Education) et le CCRCMS (China Cooperative Research Center for Moderne School)<\/p>\n\n\n\n<p>-\u00ab&nbsp;Violence dans les \u00e9tablissements scolaires.&nbsp;\u00bb Coordonnateur et responsable scientifique pour le projet de recherche internationale initi\u00e9 par l\u2019UNESP (Universit\u00e9 de Rio Claro Br\u00e9sil) 2008-2014<\/p>\n\n\n\n<p><strong><em>Domaines d\u2019expertise, de sp\u00e9cialisation, et d\u2019int\u00e9r\u00eat<\/em><\/strong><\/p>\n\n\n\n<p>-Enseignement, accompagnement scientifique, formation p\u00e9dagogique des enseignants, \u00e9ducateurs.<\/p>\n\n\n\n<p>-Interdisciplinarit\u00e9 et multir\u00e9f\u00e9rentialit\u00e9&nbsp;des ph\u00e9nom\u00e8nes \u00e9ducatifs.<\/p>\n\n\n\n<p>-G\u00e9ographie humaine des ph\u00e9nom\u00e8nes \u00e9ducatifs, filiation scolaire.<\/p>\n\n\n\n<p>-Mouvements p\u00e9dagogiques (dont Freinet).<\/p>\n\n\n\n<p><strong>Olivier Francomme<br><\/strong><br>10 le Plouy Louvet tel cel 00 33 6 14 53 25 59<br>60112 Herchies, France fixed phone 00 33 3 44 81 01 91<br>Born April 3, 1957, French nationality.<br><br>Personal email olivier.francomme@sfr.fr<br>Professional email <a href=\"mailto:olivier.francomme@u-picardie.fr\">olivier.francomme@u-picardie.fr<\/a><\/p>\n\n\n\n<p>Scientific presentation : https:\/\/experice.univ-paris13.fr\/profil\/olivier.francomme\/<br><br>Ph Doctor Educational Sciences<br>Professor at the University of Picardie Jules Verne &#8211; Amiens (France)<br><br>Director of Research in the China Cooperative Research Center for Modern School, Jiaxing, University of Zehjiang, China.<br><br><strong>Current research:<br><\/strong>-\u00ab\u00a0Scientific accompaniment of a pedagogical innovation in high school\u00a0\u00bb, triennial action research (2015-2019). AFIRSE (French Association for International Education Research) and the China Cooperative Research Center for Modern School<br><br>-\u00ab\u00a0Violence in schools. \u00bb Coordinator and scientific officer for the international research project initiated by UNESP (University of Rio Claro Brazil) 2008-2014<br><br><strong>Areas of Expertise, Specialization, and Interest<br><\/strong>-Teaching, scientific accompaniment, pedagogical training of teachers, educators.<br>-Interdisciplinarity and multireferentiality of educational phenomena.<br>-Human geography of educational phenomena, school filiation.<br>-Pedagogical movements (including Freinet).<\/p>\n\n\n\n<figure class=\"wp-block-image\"><img decoding=\"async\" src=\"\" alt=\"\"\/><\/figure>\n","protected":false},"excerpt":{"rendered":"<p>Pr\u00e9sentation personnelle 2023 Olivier Francomme 10 le Plouy Louvet &nbsp;&nbsp;&nbsp; &nbsp;&nbsp;&nbsp;&nbsp;&nbsp;&nbsp;&nbsp;&nbsp;&nbsp;&nbsp;&nbsp; t\u00e9l cel 00 33 6 14 53 25 59&nbsp;&nbsp;&nbsp; 60112 Herchies, France&nbsp;&nbsp;&nbsp;&nbsp;&nbsp;&nbsp;&nbsp;&nbsp; t\u00e9l fixe 00 33 3 44 81 01 91 n\u00e9 le 3 avril 1957, nationalit\u00e9 fran\u00e7aise. courriel &hellip; <a href=\"https:\/\/olivier-francomme.fr\/?page_id=43\">Continuer la lecture <span class=\"meta-nav\">&rarr;<\/span><\/a><\/p>\n","protected":false},"author":1,"featured_media":0,"parent":0,"menu_order":5,"comment_status":"closed","ping_status":"closed","template":"","meta":[],"_links":{"self":[{"href":"https:\/\/olivier-francomme.fr\/index.php?rest_route=\/wp\/v2\/pages\/43"}],"collection":[{"href":"https:\/\/olivier-francomme.fr\/index.php?rest_route=\/wp\/v2\/pages"}],"about":[{"href":"https:\/\/olivier-francomme.fr\/index.php?rest_route=\/wp\/v2\/types\/page"}],"author":[{"embeddable":true,"href":"https:\/\/olivier-francomme.fr\/index.php?rest_route=\/wp\/v2\/users\/1"}],"replies":[{"embeddable":true,"href":"https:\/\/olivier-francomme.fr\/index.php?rest_route=%2Fwp%2Fv2%2Fcomments&post=43"}],"version-history":[{"count":5,"href":"https:\/\/olivier-francomme.fr\/index.php?rest_route=\/wp\/v2\/pages\/43\/revisions"}],"predecessor-version":[{"id":232,"href":"https:\/\/olivier-francomme.fr\/index.php?rest_route=\/wp\/v2\/pages\/43\/revisions\/232"}],"wp:attachment":[{"href":"https:\/\/olivier-francomme.fr\/index.php?rest_route=%2Fwp%2Fv2%2Fmedia&parent=43"}],"curies":[{"name":"wp","href":"https:\/\/api.w.org\/{rel}","templated":true}]}}