{"id":2,"date":"2011-12-27T01:00:53","date_gmt":"2011-12-27T01:00:53","guid":{"rendered":"http:\/\/olivier-francomme.fr\/\/?page_id=2"},"modified":"2015-12-20T16:56:36","modified_gmt":"2015-12-20T15:56:36","slug":"about","status":"publish","type":"page","link":"https:\/\/olivier-francomme.fr\/","title":{"rendered":"A propos de ce site"},"content":{"rendered":"<p>Bienvenue sur mon site, dont seule une partie est accessible au public. Si vous d\u00e9sirez me contacter ou acc\u00e9der \u00e0 des documents plus confidentiels, veuillez me d\u00e9poser un message \u00e0 l&rsquo;aide du formulaire ci dessous. Bien \u00e0 vous. Olivier F<\/p>\n<p>Vous pouvez \u00e9galement t\u00e9l\u00e9charger imm\u00e9diatement les fichiers suivants :<\/p>\n<p>&#8211; <a href=\"http:\/\/olivier-francomme.fr\/wp-content\/uploads\/2011\/12\/CV-analytique-2015-OF.doc\" rel=\"\">CV analytique 2015 OF<\/a><\/p>\n<p>&#8211; <a href=\"http:\/\/olivier-francomme.fr\/wp-content\/uploads\/2011\/12\/CV-long-de\u0301c-2013.doc\" rel=\"\">CV long de\u0301c 2013<\/a><\/p>\n<p>&#8211; <a href=\"http:\/\/olivier-francomme.fr\/wp-content\/uploads\/2011\/12\/Publications-jusque-2014-Olivier-Francomme.doc\" rel=\"\">Liste class\u00e9e de mes publications<\/a><\/p>\n<p>&#8211; <a href=\"http:\/\/olivier-francomme.fr\/wp-content\/uploads\/2011\/12\/Pre\u0301sentation-activite\u0301s-ens-rech.docx\" rel=\"\">Pre\u0301sentation de mes activite\u0301s d&rsquo;enseignement et de recherche<\/a><\/p>\n<div role=\"form\" class=\"wpcf7\" id=\"wpcf7-f144-o1\" dir=\"ltr\">\n<div class=\"screen-reader-response\"><p role=\"status\" aria-live=\"polite\" aria-atomic=\"true\"><\/p> <ul><\/ul><\/div>\n<form action=\"\/index.php?rest_route=%2Fwp%2Fv2%2Fpages%2F2#wpcf7-f144-o1\" method=\"post\" class=\"wpcf7-form init\" novalidate=\"novalidate\" data-status=\"init\">\n<div style=\"display: none;\">\n<input type=\"hidden\" name=\"_wpcf7\" value=\"144\" \/>\n<input type=\"hidden\" name=\"_wpcf7_version\" value=\"5.6.4\" \/>\n<input type=\"hidden\" name=\"_wpcf7_locale\" value=\"\" \/>\n<input type=\"hidden\" name=\"_wpcf7_unit_tag\" value=\"wpcf7-f144-o1\" \/>\n<input type=\"hidden\" name=\"_wpcf7_container_post\" value=\"0\" \/>\n<input type=\"hidden\" name=\"_wpcf7_posted_data_hash\" value=\"\" \/>\n<\/div>\n<p>Votre nom (obligatoire)<br \/>\n    <span class=\"wpcf7-form-control-wrap\" data-name=\"your-name\"><input type=\"text\" name=\"your-name\" value=\"\" size=\"40\" class=\"wpcf7-form-control wpcf7-text wpcf7-validates-as-required\" aria-required=\"true\" aria-invalid=\"false\" \/><\/span><br \/>\nVotre email (obligatoire)<br \/>\n    <span class=\"wpcf7-form-control-wrap\" data-name=\"your-email\"><input type=\"email\" name=\"your-email\" value=\"\" size=\"40\" class=\"wpcf7-form-control wpcf7-text wpcf7-email wpcf7-validates-as-required wpcf7-validates-as-email\" aria-required=\"true\" aria-invalid=\"false\" \/><\/span><br \/>\nSujet<br \/>\n    <span class=\"wpcf7-form-control-wrap\" data-name=\"your-subject\"><input type=\"text\" name=\"your-subject\" value=\"\" size=\"40\" class=\"wpcf7-form-control wpcf7-text\" aria-invalid=\"false\" \/><\/span><br \/>\nVotre message<br \/>\n    <span class=\"wpcf7-form-control-wrap\" data-name=\"your-message\"><textarea name=\"your-message\" cols=\"40\" rows=\"10\" class=\"wpcf7-form-control wpcf7-textarea\" aria-invalid=\"false\"><\/textarea><\/span><br \/>\n<input type=\"submit\" value=\"Envoyer\" class=\"wpcf7-form-control has-spinner wpcf7-submit\" \/><\/p>\n<p style=\"display: none !important;\"><label>&#916;<textarea name=\"_wpcf7_ak_hp_textarea\" cols=\"45\" rows=\"8\" maxlength=\"100\"><\/textarea><\/label><input type=\"hidden\" id=\"ak_js_1\" name=\"_wpcf7_ak_js\" value=\"27\"\/><script>document.getElementById( \"ak_js_1\" ).setAttribute( \"value\", ( new Date() ).getTime() );<\/script><\/p><div class=\"wpcf7-response-output\" aria-hidden=\"true\"><\/div><\/form><\/div>\n","protected":false},"excerpt":{"rendered":"<p>Bienvenue sur mon site, dont seule une partie est accessible au public. Si vous d\u00e9sirez me contacter ou acc\u00e9der \u00e0 des documents plus confidentiels, veuillez me d\u00e9poser un message \u00e0 l&rsquo;aide du formulaire ci dessous. Bien \u00e0 vous. Olivier F &hellip; <a href=\"https:\/\/olivier-francomme.fr\/\">Continuer la lecture <span class=\"meta-nav\">&rarr;<\/span><\/a><\/p>\n","protected":false},"author":1,"featured_media":0,"parent":0,"menu_order":0,"comment_status":"open","ping_status":"open","template":"","meta":[],"_links":{"self":[{"href":"https:\/\/olivier-francomme.fr\/index.php?rest_route=\/wp\/v2\/pages\/2"}],"collection":[{"href":"https:\/\/olivier-francomme.fr\/index.php?rest_route=\/wp\/v2\/pages"}],"about":[{"href":"https:\/\/olivier-francomme.fr\/index.php?rest_route=\/wp\/v2\/types\/page"}],"author":[{"embeddable":true,"href":"https:\/\/olivier-francomme.fr\/index.php?rest_route=\/wp\/v2\/users\/1"}],"replies":[{"embeddable":true,"href":"https:\/\/olivier-francomme.fr\/index.php?rest_route=%2Fwp%2Fv2%2Fcomments&post=2"}],"version-history":[{"count":4,"href":"https:\/\/olivier-francomme.fr\/index.php?rest_route=\/wp\/v2\/pages\/2\/revisions"}],"predecessor-version":[{"id":253,"href":"https:\/\/olivier-francomme.fr\/index.php?rest_route=\/wp\/v2\/pages\/2\/revisions\/253"}],"wp:attachment":[{"href":"https:\/\/olivier-francomme.fr\/index.php?rest_route=%2Fwp%2Fv2%2Fmedia&parent=2"}],"curies":[{"name":"wp","href":"https:\/\/api.w.org\/{rel}","templated":true}]}}